{"id":4598,"date":"2024-07-26T11:35:18","date_gmt":"2024-07-26T09:35:18","guid":{"rendered":"https:\/\/segou.diplomatie.gov.bf\/?page_id=4598"},"modified":"2024-10-02T13:06:39","modified_gmt":"2024-10-02T11:06:39","slug":"informations","status":"publish","type":"page","link":"https:\/\/segou.diplomatie.gov.bf\/index.php\/informations\/","title":{"rendered":"Informations"},"content":{"rendered":"\t\t<div data-elementor-type=\"wp-page\" data-elementor-id=\"4598\" class=\"elementor elementor-4598\" data-elementor-post-type=\"page\">\n\t\t\t\t<div data-particle_enable=\"false\" data-particle-mobile-disabled=\"false\" class=\"elementor-element elementor-element-cacbbbf e-flex e-con-boxed e-con e-parent\" data-id=\"cacbbbf\" data-element_type=\"container\" data-e-type=\"container\">\n\t\t\t\t\t<div class=\"e-con-inner\">\n\t\t\t\t<div class=\"elementor-element elementor-element-d02f4cb elementor-widget elementor-widget-text-editor\" data-id=\"d02f4cb\" data-element_type=\"widget\" data-e-type=\"widget\" data-widget_type=\"text-editor.default\">\n\t\t\t\t<div class=\"elementor-widget-container\">\n\t\t\t\t\t\t\t\t\t<p>Le Burkina Faso et la R\u00e9publique du Mali sont deux pays qui ont des relations s\u00e9culaires et sont li\u00e9s par la g\u00e9ographie, l\u2019histoire.<\/p><p>Ces relations se sont renforc\u00e9es au fil du temps, et ont aboutis \u00e0 l\u2019ouverture effective de missions diplomatiques dans nos deux pays, du Consulat G\u00e9n\u00e9ral du Burkina Faso \u00e0 S\u00e9gou et du Consulat Honoraire de la R\u00e9publique du Mali \u00e0 Bobo-Dioulasso<\/p><p>L\u2019excellence de ces relations a \u00e9galement permis \u00e0 un grand nombre de Burkinab\u00e8 de s\u2019\u00e9tablir sur le sol Malien et vice-versa. Au fil des ann\u00e9es, ces nombres n\u2019ont\u00a0 cess\u00e9 de croitre \u00e0 cause de l\u2019hospitalit\u00e9 l\u00e9gendaire de ces deux peuples.<\/p><p>Il est \u00e0 souligner que la grande majorit\u00e9 de ces Burkinab\u00e8 \u00e9tablie dans la circonscription consulaire de S\u00e9gou l\u2019est dans le cadre des \u00e9tudes coraniques.<\/p><p>Cependant, certains interviennent dans d\u2019autres secteurs tels l\u2019agriculture, l\u2019\u00e9levage et le commerce.<\/p><p>Leur nombre, dans la circonscription consulaire de S\u00e9gou, est estim\u00e9 \u00e0 environ <strong>six cent (600\u00a0000) mille personnes<\/strong>. Cette communaut\u00e9, install\u00e9e dans sa grande majorit\u00e9 autour de la vall\u00e9e rizicole de l\u2019Office du Niger, s\u2019est parfaitement int\u00e9gr\u00e9e.<\/p><p>Elle impacte positivement la vie communautaire \u00e0 travers leur comportement exemplaire et contribue au d\u00e9veloppement du Burkina Faso, en t\u00e9moigne leurs diff\u00e9rentes contributions au fond de soutien patriotique et bien d\u2019autres actions.<\/p>\t\t\t\t\t\t\t\t<\/div>\n\t\t\t\t<\/div>\n\t\t\t\t\t<\/div>\n\t\t\t\t<\/div>\n\t\t\t\t<\/div>\n\t\t","protected":false},"excerpt":{"rendered":"<p>Le Burkina Faso et la R\u00e9publique du Mali sont deux pays qui ont des relations s\u00e9culaires et sont li\u00e9s par la g\u00e9ographie, l\u2019histoire. Ces relations se sont renforc\u00e9es au fil du temps, et ont aboutis \u00e0 l\u2019ouverture effective de missions diplomatiques dans nos deux pays, du Consulat G\u00e9n\u00e9ral du Burkina Faso \u00e0 S\u00e9gou et du [&hellip;]<\/p>\n","protected":false},"author":9,"featured_media":0,"parent":0,"menu_order":0,"comment_status":"closed","ping_status":"closed","template":"elementor_header_footer","meta":{"_acf_changed":false,"_monsterinsights_skip_tracking":false,"_monsterinsights_sitenote_active":false,"_monsterinsights_sitenote_note":"","_monsterinsights_sitenote_category":0,"footnotes":""},"class_list":["post-4598","page","type-page","status-publish","hentry"],"acf":[],"_links":{"self":[{"href":"https:\/\/segou.diplomatie.gov.bf\/index.php\/wp-json\/wp\/v2\/pages\/4598","targetHints":{"allow":["GET"]}}],"collection":[{"href":"https:\/\/segou.diplomatie.gov.bf\/index.php\/wp-json\/wp\/v2\/pages"}],"about":[{"href":"https:\/\/segou.diplomatie.gov.bf\/index.php\/wp-json\/wp\/v2\/types\/page"}],"author":[{"embeddable":true,"href":"https:\/\/segou.diplomatie.gov.bf\/index.php\/wp-json\/wp\/v2\/users\/9"}],"replies":[{"embeddable":true,"href":"https:\/\/segou.diplomatie.gov.bf\/index.php\/wp-json\/wp\/v2\/comments?post=4598"}],"version-history":[{"count":8,"href":"https:\/\/segou.diplomatie.gov.bf\/index.php\/wp-json\/wp\/v2\/pages\/4598\/revisions"}],"predecessor-version":[{"id":5068,"href":"https:\/\/segou.diplomatie.gov.bf\/index.php\/wp-json\/wp\/v2\/pages\/4598\/revisions\/5068"}],"wp:attachment":[{"href":"https:\/\/segou.diplomatie.gov.bf\/index.php\/wp-json\/wp\/v2\/media?parent=4598"}],"curies":[{"name":"wp","href":"https:\/\/api.w.org\/{rel}","templated":true}]}}