{"id":4597,"date":"2024-07-26T11:35:09","date_gmt":"2024-07-26T09:35:09","guid":{"rendered":"https:\/\/segou.diplomatie.gov.bf\/?page_id=4597"},"modified":"2024-10-02T13:45:38","modified_gmt":"2024-10-02T11:45:38","slug":"associations-organisations","status":"publish","type":"page","link":"https:\/\/segou.diplomatie.gov.bf\/index.php\/associations-organisations\/","title":{"rendered":"Associations &#038; Organisations"},"content":{"rendered":"\t\t<div data-elementor-type=\"wp-page\" data-elementor-id=\"4597\" class=\"elementor elementor-4597\" data-elementor-post-type=\"page\">\n\t\t\t\t<div data-particle_enable=\"false\" data-particle-mobile-disabled=\"false\" class=\"elementor-element elementor-element-93c6118 e-flex e-con-boxed e-con e-parent\" data-id=\"93c6118\" data-element_type=\"container\" data-e-type=\"container\" data-settings=\"{&quot;background_background&quot;:&quot;classic&quot;}\">\n\t\t\t\t\t<div class=\"e-con-inner\">\n\t\t\t\t<div class=\"elementor-element elementor-element-e259a36 elementor-widget elementor-widget-heading\" data-id=\"e259a36\" data-element_type=\"widget\" data-e-type=\"widget\" data-widget_type=\"heading.default\">\n\t\t\t\t<div class=\"elementor-widget-container\">\n\t\t\t\t\t<h2 class=\"elementor-heading-title elementor-size-default\">REPERTOIRE DES ASSOCIATIONS DE BURKINABE DE LA CIRCONSCRIPTION CONSULAIRE DE SEGOU<\/h2>\t\t\t\t<\/div>\n\t\t\t\t<\/div>\n\t\t\t\t\t<\/div>\n\t\t\t\t<\/div>\n\t\t<div data-particle_enable=\"false\" data-particle-mobile-disabled=\"false\" class=\"elementor-element elementor-element-7e0bb9d3 e-flex e-con-boxed e-con e-parent\" data-id=\"7e0bb9d3\" data-element_type=\"container\" data-e-type=\"container\">\n\t\t\t\t\t<div class=\"e-con-inner\">\n\t\t<div data-particle_enable=\"false\" data-particle-mobile-disabled=\"false\" class=\"elementor-element elementor-element-471db37d e-con-full e-flex e-con e-child\" data-id=\"471db37d\" data-element_type=\"container\" data-e-type=\"container\" data-settings=\"{&quot;background_background&quot;:&quot;classic&quot;}\">\n\t\t\t\t<div class=\"elementor-element elementor-element-79aa000d elementor-widget elementor-widget-heading\" data-id=\"79aa000d\" data-element_type=\"widget\" data-e-type=\"widget\" data-widget_type=\"heading.default\">\n\t\t\t\t<div class=\"elementor-widget-container\">\n\t\t\t\t\t<h2 class=\"elementor-heading-title elementor-size-default\">Retrouvez la liste compl\u00e8te des structures et organisations burkinab\u00e8s enregistr\u00e9es au Consulat G\u00e9n\u00e9ral du Burkina \u00e0 S\u00e9gou <\/h2>\t\t\t\t<\/div>\n\t\t\t\t<\/div>\n\t\t\t\t<\/div>\n\t\t<div data-particle_enable=\"false\" data-particle-mobile-disabled=\"false\" class=\"elementor-element elementor-element-683f7246 e-con-full e-flex e-con e-child\" data-id=\"683f7246\" data-element_type=\"container\" data-e-type=\"container\">\n\t\t\t\t<div class=\"elementor-element elementor-element-4d1c3f76 elementor-widget elementor-widget-button\" data-id=\"4d1c3f76\" data-element_type=\"widget\" data-e-type=\"widget\" data-widget_type=\"button.default\">\n\t\t\t\t<div class=\"elementor-widget-container\">\n\t\t\t\t\t\t\t\t\t<div class=\"elementor-button-wrapper\">\n\t\t\t\t\t<a class=\"elementor-button elementor-button-link elementor-size-sm\" href=\"https:\/\/segou.diplomatie.gov.bf\/wp-content\/uploads\/sites\/22\/2024\/10\/REPERTOIRE-DES-ASSOCIATIONS.pdf\" target=\"_blank\">\n\t\t\t\t\t\t<span class=\"elementor-button-content-wrapper\">\n\t\t\t\t\t\t<span class=\"elementor-button-icon\">\n\t\t\t\t<svg aria-hidden=\"true\" class=\"e-font-icon-svg e-fas-download\" viewBox=\"0 0 512 512\" xmlns=\"http:\/\/www.w3.org\/2000\/svg\"><path d=\"M216 0h80c13.3 0 24 10.7 24 24v168h87.7c17.8 0 26.7 21.5 14.1 34.1L269.7 378.3c-7.5 7.5-19.8 7.5-27.3 0L90.1 226.1c-12.6-12.6-3.7-34.1 14.1-34.1H192V24c0-13.3 10.7-24 24-24zm296 376v112c0 13.3-10.7 24-24 24H24c-13.3 0-24-10.7-24-24V376c0-13.3 10.7-24 24-24h146.7l49 49c20.1 20.1 52.5 20.1 72.6 0l49-49H488c13.3 0 24 10.7 24 24zm-124 88c0-11-9-20-20-20s-20 9-20 20 9 20 20 20 20-9 20-20zm64 0c0-11-9-20-20-20s-20 9-20 20 9 20 20 20 20-9 20-20z\"><\/path><\/svg>\t\t\t<\/span>\n\t\t\t\t\t\t\t\t\t<span class=\"elementor-button-text\">T\u00e9l\u00e9charger le fichier<\/span>\n\t\t\t\t\t<\/span>\n\t\t\t\t\t<\/a>\n\t\t\t\t<\/div>\n\t\t\t\t\t\t\t\t<\/div>\n\t\t\t\t<\/div>\n\t\t\t\t<\/div>\n\t\t\t\t\t<\/div>\n\t\t\t\t<\/div>\n\t\t\t\t<\/div>\n\t\t","protected":false},"excerpt":{"rendered":"<p>REPERTOIRE DES ASSOCIATIONS DE BURKINABE DE LA CIRCONSCRIPTION CONSULAIRE DE SEGOU Retrouvez la liste compl\u00e8te des structures et organisations burkinab\u00e8s enregistr\u00e9es au Consulat G\u00e9n\u00e9ral du Burkina \u00e0 S\u00e9gou T\u00e9l\u00e9charger le fichier<\/p>\n","protected":false},"author":9,"featured_media":0,"parent":0,"menu_order":0,"comment_status":"closed","ping_status":"closed","template":"elementor_header_footer","meta":{"_acf_changed":false,"_monsterinsights_skip_tracking":false,"_monsterinsights_sitenote_active":false,"_monsterinsights_sitenote_note":"","_monsterinsights_sitenote_category":0,"footnotes":""},"class_list":["post-4597","page","type-page","status-publish","hentry"],"acf":[],"_links":{"self":[{"href":"https:\/\/segou.diplomatie.gov.bf\/index.php\/wp-json\/wp\/v2\/pages\/4597","targetHints":{"allow":["GET"]}}],"collection":[{"href":"https:\/\/segou.diplomatie.gov.bf\/index.php\/wp-json\/wp\/v2\/pages"}],"about":[{"href":"https:\/\/segou.diplomatie.gov.bf\/index.php\/wp-json\/wp\/v2\/types\/page"}],"author":[{"embeddable":true,"href":"https:\/\/segou.diplomatie.gov.bf\/index.php\/wp-json\/wp\/v2\/users\/9"}],"replies":[{"embeddable":true,"href":"https:\/\/segou.diplomatie.gov.bf\/index.php\/wp-json\/wp\/v2\/comments?post=4597"}],"version-history":[{"count":31,"href":"https:\/\/segou.diplomatie.gov.bf\/index.php\/wp-json\/wp\/v2\/pages\/4597\/revisions"}],"predecessor-version":[{"id":5079,"href":"https:\/\/segou.diplomatie.gov.bf\/index.php\/wp-json\/wp\/v2\/pages\/4597\/revisions\/5079"}],"wp:attachment":[{"href":"https:\/\/segou.diplomatie.gov.bf\/index.php\/wp-json\/wp\/v2\/media?parent=4597"}],"curies":[{"name":"wp","href":"https:\/\/api.w.org\/{rel}","templated":true}]}}